{"id":139,"date":"2025-12-19T03:43:31","date_gmt":"2025-12-19T02:43:31","guid":{"rendered":"https:\/\/pkplanretorno.online\/?page_id=139"},"modified":"2026-01-11T00:57:45","modified_gmt":"2026-01-10T23:57:45","slug":"anuncios-de-mascotas-perdidas","status":"publish","type":"page","link":"https:\/\/pkplanretorno.online\/index.php\/anuncios-de-mascotas-perdidas\/","title":{"rendered":"Anuncios de Mascotas Perdidas"},"content":{"rendered":"\n<div class=\"wp-block-query is-layout-flow wp-block-query-is-layout-flow\"><ul class=\"wp-block-post-template is-layout-flow wp-block-post-template-is-layout-flow\"><li class=\"wp-block-post post-282 post type-post status-publish format-standard has-post-thumbnail hentry category-mascotas-perdidas\">\n\n<div class=\"wp-block-columns alignwide is-layout-flex wp-container-core-columns-is-layout-9d6595d7 wp-block-columns-is-layout-flex\">\n<div class=\"wp-block-column is-layout-flow wp-block-column-is-layout-flow\" style=\"flex-basis:66.66%\"><figure class=\"wp-block-post-featured-image\"><a href=\"https:\/\/pkplanretorno.online\/index.php\/2026\/01\/11\/copito\/\" target=\"_self\"  ><img loading=\"lazy\" decoding=\"async\" width=\"510\" height=\"510\" src=\"https:\/\/pkplanretorno.online\/wp-content\/uploads\/2026\/01\/COPITO2.jpg\" class=\"attachment-post-thumbnail size-post-thumbnail wp-post-image\" alt=\"Copito\" style=\"object-fit:cover;\" srcset=\"https:\/\/pkplanretorno.online\/wp-content\/uploads\/2026\/01\/COPITO2.jpg 510w, https:\/\/pkplanretorno.online\/wp-content\/uploads\/2026\/01\/COPITO2-300x300.jpg 300w, https:\/\/pkplanretorno.online\/wp-content\/uploads\/2026\/01\/COPITO2-150x150.jpg 150w, https:\/\/pkplanretorno.online\/wp-content\/uploads\/2026\/01\/COPITO2-310x310.jpg 310w, https:\/\/pkplanretorno.online\/wp-content\/uploads\/2026\/01\/COPITO2-105x105.jpg 105w\" sizes=\"auto, (max-width: 510px) 100vw, 510px\" \/><\/a><\/figure><\/div>\n\n\n\n<div class=\"wp-block-column is-layout-flow wp-block-column-is-layout-flow\" style=\"flex-basis:33.33%\"><h2 class=\"wp-block-post-title\"><a href=\"https:\/\/pkplanretorno.online\/index.php\/2026\/01\/11\/copito\/\" target=\"_self\" >Copito<\/a><\/h2>\n\n<div class=\"wp-block-post-excerpt\"><p class=\"wp-block-post-excerpt__excerpt\">Es un perrito de pelaje esponjoso blanco y ojos brillantes. Es de tama\u00f1o mediano. Es muy d\u00f3cil, pero puede estar Leer m\u00e1s <\/p><\/div><\/div>\n<\/div>\n\n<\/li><li class=\"wp-block-post post-135 post type-post status-publish format-standard has-post-thumbnail hentry category-mascotas-perdidas\">\n\n<div class=\"wp-block-columns alignwide is-layout-flex wp-container-core-columns-is-layout-9d6595d7 wp-block-columns-is-layout-flex\">\n<div class=\"wp-block-column is-layout-flow wp-block-column-is-layout-flow\" style=\"flex-basis:66.66%\"><figure class=\"wp-block-post-featured-image\"><a href=\"https:\/\/pkplanretorno.online\/index.php\/2025\/12\/19\/toby\/\" target=\"_self\"  ><img loading=\"lazy\" decoding=\"async\" width=\"1024\" height=\"683\" src=\"https:\/\/pkplanretorno.online\/wp-content\/uploads\/2025\/12\/Ada.webp\" class=\"attachment-post-thumbnail size-post-thumbnail wp-post-image\" alt=\"Toby\" style=\"object-fit:cover;\" srcset=\"https:\/\/pkplanretorno.online\/wp-content\/uploads\/2025\/12\/Ada.webp 1024w, https:\/\/pkplanretorno.online\/wp-content\/uploads\/2025\/12\/Ada-300x200.webp 300w, https:\/\/pkplanretorno.online\/wp-content\/uploads\/2025\/12\/Ada-768x512.webp 768w, https:\/\/pkplanretorno.online\/wp-content\/uploads\/2025\/12\/Ada-450x300.webp 450w, https:\/\/pkplanretorno.online\/wp-content\/uploads\/2025\/12\/Ada-310x207.webp 310w, https:\/\/pkplanretorno.online\/wp-content\/uploads\/2025\/12\/Ada-150x100.webp 150w\" sizes=\"auto, (max-width: 1024px) 100vw, 1024px\" \/><\/a><\/figure><\/div>\n\n\n\n<div class=\"wp-block-column is-layout-flow wp-block-column-is-layout-flow\" style=\"flex-basis:33.33%\"><h2 class=\"wp-block-post-title\"><a href=\"https:\/\/pkplanretorno.online\/index.php\/2025\/12\/19\/toby\/\" target=\"_self\" >Toby<\/a><\/h2>\n\n<div class=\"wp-block-post-excerpt\"><p class=\"wp-block-post-excerpt__excerpt\">Perrito peque\u00f1o color cafe claro con blanco. Raza Cavalier King <\/p><\/div><\/div>\n<\/div>\n\n<\/li><li class=\"wp-block-post post-121 post type-post status-publish format-standard has-post-thumbnail hentry category-mascotas-encontradas\">\n\n<div class=\"wp-block-columns alignwide is-layout-flex wp-container-core-columns-is-layout-9d6595d7 wp-block-columns-is-layout-flex\">\n<div class=\"wp-block-column is-layout-flow wp-block-column-is-layout-flow\" style=\"flex-basis:66.66%\"><figure class=\"wp-block-post-featured-image\"><a href=\"https:\/\/pkplanretorno.online\/index.php\/2025\/12\/18\/mimi\/\" target=\"_self\"  ><img loading=\"lazy\" decoding=\"async\" width=\"612\" height=\"409\" src=\"https:\/\/pkplanretorno.online\/wp-content\/uploads\/2025\/12\/mela.jpg\" class=\"attachment-post-thumbnail size-post-thumbnail wp-post-image\" alt=\"MIMI\" style=\"object-fit:cover;\" srcset=\"https:\/\/pkplanretorno.online\/wp-content\/uploads\/2025\/12\/mela.jpg 612w, https:\/\/pkplanretorno.online\/wp-content\/uploads\/2025\/12\/mela-300x200.jpg 300w, https:\/\/pkplanretorno.online\/wp-content\/uploads\/2025\/12\/mela-449x300.jpg 449w, https:\/\/pkplanretorno.online\/wp-content\/uploads\/2025\/12\/mela-310x207.jpg 310w, https:\/\/pkplanretorno.online\/wp-content\/uploads\/2025\/12\/mela-150x100.jpg 150w\" sizes=\"auto, (max-width: 612px) 100vw, 612px\" \/><\/a><\/figure><\/div>\n\n\n\n<div class=\"wp-block-column is-layout-flow wp-block-column-is-layout-flow\" style=\"flex-basis:33.33%\"><h2 class=\"wp-block-post-title\"><a href=\"https:\/\/pkplanretorno.online\/index.php\/2025\/12\/18\/mimi\/\" target=\"_self\" >MIMI<\/a><\/h2>\n\n<div class=\"wp-block-post-excerpt\"><p class=\"wp-block-post-excerpt__excerpt\">Gato peque\u00f1o de tres meses, de color naranja. <\/p><\/div><\/div>\n<\/div>\n\n<\/li><\/ul><\/div>\n","protected":false},"excerpt":{"rendered":"","protected":false},"author":1,"featured_media":0,"parent":0,"menu_order":0,"comment_status":"closed","ping_status":"closed","template":"","meta":{"footnotes":""},"class_list":["post-139","page","type-page","status-publish","hentry"],"rttpg_featured_image_url":null,"rttpg_author":{"display_name":"webmaster","author_link":"https:\/\/pkplanretorno.online\/index.php\/author\/webmaster\/"},"rttpg_comment":0,"rttpg_category":null,"rttpg_excerpt":null,"_links":{"self":[{"href":"https:\/\/pkplanretorno.online\/index.php\/wp-json\/wp\/v2\/pages\/139","targetHints":{"allow":["GET"]}}],"collection":[{"href":"https:\/\/pkplanretorno.online\/index.php\/wp-json\/wp\/v2\/pages"}],"about":[{"href":"https:\/\/pkplanretorno.online\/index.php\/wp-json\/wp\/v2\/types\/page"}],"author":[{"embeddable":true,"href":"https:\/\/pkplanretorno.online\/index.php\/wp-json\/wp\/v2\/users\/1"}],"replies":[{"embeddable":true,"href":"https:\/\/pkplanretorno.online\/index.php\/wp-json\/wp\/v2\/comments?post=139"}],"version-history":[{"count":11,"href":"https:\/\/pkplanretorno.online\/index.php\/wp-json\/wp\/v2\/pages\/139\/revisions"}],"predecessor-version":[{"id":250,"href":"https:\/\/pkplanretorno.online\/index.php\/wp-json\/wp\/v2\/pages\/139\/revisions\/250"}],"wp:attachment":[{"href":"https:\/\/pkplanretorno.online\/index.php\/wp-json\/wp\/v2\/media?parent=139"}],"curies":[{"name":"wp","href":"https:\/\/api.w.org\/{rel}","templated":true}]}}