{"id":86,"date":"2025-12-18T04:45:33","date_gmt":"2025-12-18T03:45:33","guid":{"rendered":"https:\/\/pkplanretorno.online\/?page_id=86"},"modified":"2026-01-11T01:25:59","modified_gmt":"2026-01-11T00:25:59","slug":"reportar-mascota-perdida","status":"publish","type":"page","link":"https:\/\/pkplanretorno.online\/index.php\/reportar-mascota-perdida\/","title":{"rendered":"Reportar Mascota Perdida"},"content":{"rendered":"<div style=\"height:50px\" aria-hidden=\"true\" class=\"wp-block-spacer\"><\/div>\n<div class=\"wp-block-group alignfull\">\n    <h2 class=\"has-text-align-center\" style=\"font-size:55px;line-height:1.1\"><strong>\u00bfPerdiste a tu mejor amigo?<\/strong><\/h2>\n    <p class=\"has-text-align-center\" style=\"font-size:20px\">No pierdas la calma, estamos aqu\u00ed para ayudarte a difundir la b\u00fasqueda en toda nuestra comunidad.<\/p>\n    <\/div>\n<div style=\"height:40px\" aria-hidden=\"true\" class=\"wp-block-spacer\"><\/div>\n<div class=\"wp-block-columns alignwide\" style=\"margin-bottom:50px\">\n    <div class=\"wp-block-column has-border-color has-light-gray-solid-border-color\" style=\"border-radius:20px;border-width:1px;padding:20px\">\n        <h4 class=\"wp-block-heading\">\ud83d\udc3e 1. Describe<\/h4>\n        <p class=\"has-small-font-size\">Danos el nombre y las caracter\u00edsticas f\u00edsicas \u00fanicas de tu mascota.<\/p>\n        <\/div>\n    <div class=\"wp-block-column has-border-color has-light-gray-solid-border-color\" style=\"border-radius:20px;border-width:1px;padding:20px\">\n        <h4 class=\"wp-block-heading\">\ud83d\udccd 2. Ubica<\/h4>\n        <p class=\"has-small-font-size\">Indica el \u00faltimo sector donde fue visto para alertar a los vecinos cercanos.<\/p>\n        <\/div>\n    <div class=\"wp-block-column has-border-color has-light-gray-solid-border-color\" style=\"border-radius:20px;border-width:1px;padding:20px\">\n        <h4 class=\"wp-block-heading\">\ud83d\udcf8 3. Publica<\/h4>\n        <p class=\"has-small-font-size\">Sube una foto clara. Los reportes con imagen tienen 80% m\u00e1s \u00e9xito.<\/p>\n        <\/div>\n    <\/div>\n<div class=\"wp-block-group alignwide has-white-background-color has-background\" style=\"border-radius:30px;padding:40px;box-shadow: 0 15px 50px rgba(0,0,0,0.08);\">\n    <h3 class=\"has-text-align-center\">Formulario de Reporte Oficial<\/h3>\n    \n   \n<div style=\"height:60px\" aria-hidden=\"true\" class=\"wp-block-spacer\"><\/div>\n<style id=\"wpforms-css-vars-55-block-2b9838c0-5501-4bbc-aabb-87ff2dbb5882\">\n\t\t\t\t#wpforms-55.wpforms-block-2b9838c0-5501-4bbc-aabb-87ff2dbb5882 {\n\t\t\t\t--wpforms-field-size-input-height: 43px;\n--wpforms-field-size-input-spacing: 15px;\n--wpforms-field-size-font-size: 16px;\n--wpforms-field-size-line-height: 19px;\n--wpforms-field-size-padding-h: 14px;\n--wpforms-field-size-checkbox-size: 16px;\n--wpforms-field-size-sublabel-spacing: 5px;\n--wpforms-field-size-icon-size: 1;\n--wpforms-label-size-font-size: 16px;\n--wpforms-label-size-line-height: 19px;\n--wpforms-label-size-sublabel-font-size: 14px;\n--wpforms-label-size-sublabel-line-height: 17px;\n--wpforms-button-size-font-size: 17px;\n--wpforms-button-size-height: 41px;\n--wpforms-button-size-padding-h: 15px;\n--wpforms-button-size-margin-top: 10px;\n\t\t\t}\n\t\t\t<\/style><!-- WPForms: no fields, form hidden -->\n\n<style id=\"wpforms-css-vars-57-block-fd904725-1fb3-4226-910b-e8657b542d82\">\n\t\t\t\t#wpforms-57.wpforms-block-fd904725-1fb3-4226-910b-e8657b542d82 {\n\t\t\t\t--wpforms-field-size-input-height: 43px;\n--wpforms-field-size-input-spacing: 15px;\n--wpforms-field-size-font-size: 16px;\n--wpforms-field-size-line-height: 19px;\n--wpforms-field-size-padding-h: 14px;\n--wpforms-field-size-checkbox-size: 16px;\n--wpforms-field-size-sublabel-spacing: 5px;\n--wpforms-field-size-icon-size: 1;\n--wpforms-label-size-font-size: 16px;\n--wpforms-label-size-line-height: 19px;\n--wpforms-label-size-sublabel-font-size: 14px;\n--wpforms-label-size-sublabel-line-height: 17px;\n--wpforms-button-size-font-size: 17px;\n--wpforms-button-size-height: 41px;\n--wpforms-button-size-padding-h: 15px;\n--wpforms-button-size-margin-top: 10px;\n\t\t\t}\n\t\t\t<\/style><div class=\"wpforms-container wpforms-container-full wpforms-block wpforms-block-fd904725-1fb3-4226-910b-e8657b542d82 wpforms-render-modern\" id=\"wpforms-57\"><form id=\"wpforms-form-57\" class=\"wpforms-validate wpforms-form wpforms-ajax-form\" data-formid=\"57\" method=\"post\" enctype=\"multipart\/form-data\" action=\"\/index.php\/wp-json\/wp\/v2\/pages\/86?wpforms_form_id=57\" data-token=\"9213e7435d97a7e40c993e08af8ea06b\" data-token-time=\"1775923570\"><noscript class=\"wpforms-error-noscript\">Por favor, activa JavaScript en tu navegador para completar este formulario.<\/noscript><div id=\"wpforms-error-noscript\" style=\"display: none;\">Por favor, activa JavaScript en tu navegador para completar este formulario.<\/div><div class=\"wpforms-field-container\"><div id=\"wpforms-57-field_1-container\" class=\"wpforms-field wpforms-field-name\" data-field-id=\"1\"><fieldset><legend class=\"wpforms-field-label\">Nombre de la persona de contacto <span class=\"wpforms-required-label\" aria-hidden=\"true\">*<\/span><\/legend><div class=\"wpforms-field-row wpforms-field-medium\"><div class=\"wpforms-field-row-block wpforms-first wpforms-one-half\"><input type=\"text\" id=\"wpforms-57-field_1\" class=\"wpforms-field-name-first wpforms-field-required\" name=\"wpforms[fields][1][first]\" aria-errormessage=\"wpforms-57-field_1-error\" required><label for=\"wpforms-57-field_1\" class=\"wpforms-field-sublabel after\">Nombre<\/label><\/div><div class=\"wpforms-field-row-block wpforms-one-half\"><input type=\"text\" id=\"wpforms-57-field_1-last\" class=\"wpforms-field-name-last wpforms-field-required\" name=\"wpforms[fields][1][last]\" aria-errormessage=\"wpforms-57-field_1-last-error\" required><label for=\"wpforms-57-field_1-last\" class=\"wpforms-field-sublabel after\">Apellidos<\/label><\/div><\/div><\/fieldset><\/div><div id=\"wpforms-57-field_11-container\" class=\"wpforms-field wpforms-field-number\" data-field-id=\"11\"><label class=\"wpforms-field-label\" for=\"wpforms-57-field_11\">Tel\u00e9fono de contacto <span class=\"wpforms-required-label\" aria-hidden=\"true\">*<\/span><\/label><input type=\"number\" id=\"wpforms-57-field_11\" class=\"wpforms-field-medium wpforms-field-required\" name=\"wpforms[fields][11]\" step=\"any\" aria-errormessage=\"wpforms-57-field_11-error\" required><\/div><div id=\"wpforms-57-field_3-container\" class=\"wpforms-field wpforms-field-email\" data-field-id=\"3\"><fieldset><legend class=\"wpforms-field-label\">Correo electr\u00f3nico de contacto <span class=\"wpforms-required-label\" aria-hidden=\"true\">*<\/span><\/legend><div class=\"wpforms-field-row wpforms-field-medium\"><div class=\"wpforms-field-row-block wpforms-one-half wpforms-first\"><input type=\"email\" id=\"wpforms-57-field_3\" class=\"wpforms-field-required wpforms-field-email-primary\" name=\"wpforms[fields][3][primary]\" spellcheck=\"false\" aria-errormessage=\"wpforms-57-field_3-error\" required><label for=\"wpforms-57-field_3\" class=\"wpforms-field-sublabel after\">Correo electr\u00f3nico<\/label><\/div><div class=\"wpforms-field-row-block wpforms-one-half\"><input type=\"email\" id=\"wpforms-57-field_3-secondary\" class=\"wpforms-field-email-secondary wpforms-field-required\" data-rule-confirm=\"#wpforms-57-field_3\" name=\"wpforms[fields][3][secondary]\" spellcheck=\"false\" aria-errormessage=\"wpforms-57-field_3-secondary-error\" required><label for=\"wpforms-57-field_3-secondary\" class=\"wpforms-field-sublabel after\">Confirmar el correo electr\u00f3nico<\/label><\/div><\/div><\/fieldset><\/div><div id=\"wpforms-57-field_4-container\" class=\"wpforms-field wpforms-field-text\" data-field-id=\"4\"><label class=\"wpforms-field-label\" for=\"wpforms-57-field_4\">Nombre de la mascota perdida <span class=\"wpforms-required-label\" aria-hidden=\"true\">*<\/span><\/label><input type=\"text\" id=\"wpforms-57-field_4\" class=\"wpforms-field-medium wpforms-field-required\" name=\"wpforms[fields][4]\" aria-errormessage=\"wpforms-57-field_4-error\" required><\/div><div id=\"wpforms-57-field_5-container\" class=\"wpforms-field wpforms-field-select wpforms-field-select-style-classic\" data-field-id=\"5\"><label class=\"wpforms-field-label\" for=\"wpforms-57-field_5\">Tipo de mascota <span class=\"wpforms-required-label\" aria-hidden=\"true\">*<\/span><\/label><select id=\"wpforms-57-field_5\" class=\"wpforms-field-medium wpforms-field-required\" name=\"wpforms[fields][5]\" required=\"required\"><option value=\"Perro\"  selected='selected' class=\"choice-1 depth-1\"  >Perro<\/option><option value=\"Gato\"  class=\"choice-2 depth-1\"  >Gato<\/option><option value=\"Ave\"  class=\"choice-3 depth-1\"  >Ave<\/option><option value=\"Otro\"  class=\"choice-4 depth-1\"  >Otro<\/option><\/select><\/div><div id=\"wpforms-57-field_6-container\" class=\"wpforms-field wpforms-field-textarea\" data-field-id=\"6\"><label class=\"wpforms-field-label\" for=\"wpforms-57-field_6\">Descripci\u00f3n de la mascota perdida <span class=\"wpforms-required-label\" aria-hidden=\"true\">*<\/span><\/label><textarea id=\"wpforms-57-field_6\" class=\"wpforms-field-medium wpforms-field-required\" name=\"wpforms[fields][6]\" aria-errormessage=\"wpforms-57-field_6-error\" required><\/textarea><\/div><div id=\"wpforms-57-field_7-container\" class=\"wpforms-field wpforms-field-text\" data-field-id=\"7\"><label class=\"wpforms-field-label\" for=\"wpforms-57-field_7\">\u00daltima ubicaci\u00f3n donde se vio la mascota <span class=\"wpforms-required-label\" aria-hidden=\"true\">*<\/span><\/label><input type=\"text\" id=\"wpforms-57-field_7\" class=\"wpforms-field-medium wpforms-field-required\" name=\"wpforms[fields][7]\" aria-errormessage=\"wpforms-57-field_7-error\" required><\/div><div id=\"wpforms-57-field_12-container\" class=\"wpforms-field wpforms-field-number\" data-field-id=\"12\"><label class=\"wpforms-field-label\" for=\"wpforms-57-field_12\">Fecha en que se perdi\u00f3 o vio por \u00faltima vez <span class=\"wpforms-required-label\" aria-hidden=\"true\">*<\/span><\/label><input type=\"number\" id=\"wpforms-57-field_12\" class=\"wpforms-field-medium wpforms-field-required\" name=\"wpforms[fields][12]\" step=\"any\" aria-errormessage=\"wpforms-57-field_12-error\" required><\/div><\/div><!-- .wpforms-field-container --><div class=\"wpforms-submit-container\" ><input type=\"hidden\" name=\"wpforms[id]\" value=\"57\"><input type=\"hidden\" name=\"page_title\" value=\"\"><input type=\"hidden\" name=\"page_url\" value=\"https:\/\/pkplanretorno.online\/index.php\/wp-json\/wp\/v2\/pages\/86\"><input type=\"hidden\" name=\"url_referer\" value=\"\"><button type=\"submit\" name=\"wpforms[submit]\" id=\"wpforms-submit-57\" class=\"wpforms-submit\" data-alt-text=\"Enviando...\" data-submit-text=\"Reportar mascota perdida\" aria-live=\"assertive\" value=\"wpforms-submit\">Reportar mascota perdida<\/button><img loading=\"lazy\" decoding=\"async\" src=\"https:\/\/pkplanretorno.online\/wp-content\/plugins\/wpforms-lite\/assets\/images\/submit-spin.svg\" class=\"wpforms-submit-spinner\" style=\"display: none;\" width=\"26\" height=\"26\" alt=\"Cargando\"><\/div><\/form><\/div>  <!-- .wpforms-container -->\n\n\n<p><\/p>\n\n<\/div>","protected":false},"excerpt":{"rendered":"<p>\u00bfPerdiste a tu mejor amigo? No pierdas la calma, estamos aqu\u00ed para ayudarte a difundir la b\u00fasqueda en toda nuestra<\/p>\n<div class=\"more-link\">\n             <a href=\"https:\/\/pkplanretorno.online\/index.php\/reportar-mascota-perdida\/\" class=\"theme-btn\"><span>Leer m\u00e1s <\/span><i class=\"bi bi-arrow-right\"><\/i><\/a>\n        <\/div>\n","protected":false},"author":1,"featured_media":0,"parent":0,"menu_order":0,"comment_status":"closed","ping_status":"closed","template":"","meta":{"footnotes":""},"class_list":["post-86","page","type-page","status-publish","hentry"],"rttpg_featured_image_url":null,"rttpg_author":{"display_name":"webmaster","author_link":"https:\/\/pkplanretorno.online\/index.php\/author\/webmaster\/"},"rttpg_comment":0,"rttpg_category":null,"rttpg_excerpt":"\u00bfPerdiste a tu mejor amigo? No pierdas la calma, estamos aqu\u00ed para ayudarte a difundir la b\u00fasqueda en toda nuestra Leer m\u00e1s","_links":{"self":[{"href":"https:\/\/pkplanretorno.online\/index.php\/wp-json\/wp\/v2\/pages\/86","targetHints":{"allow":["GET"]}}],"collection":[{"href":"https:\/\/pkplanretorno.online\/index.php\/wp-json\/wp\/v2\/pages"}],"about":[{"href":"https:\/\/pkplanretorno.online\/index.php\/wp-json\/wp\/v2\/types\/page"}],"author":[{"embeddable":true,"href":"https:\/\/pkplanretorno.online\/index.php\/wp-json\/wp\/v2\/users\/1"}],"replies":[{"embeddable":true,"href":"https:\/\/pkplanretorno.online\/index.php\/wp-json\/wp\/v2\/comments?post=86"}],"version-history":[{"count":10,"href":"https:\/\/pkplanretorno.online\/index.php\/wp-json\/wp\/v2\/pages\/86\/revisions"}],"predecessor-version":[{"id":273,"href":"https:\/\/pkplanretorno.online\/index.php\/wp-json\/wp\/v2\/pages\/86\/revisions\/273"}],"wp:attachment":[{"href":"https:\/\/pkplanretorno.online\/index.php\/wp-json\/wp\/v2\/media?parent=86"}],"curies":[{"name":"wp","href":"https:\/\/api.w.org\/{rel}","templated":true}]}}